{"id":509,"date":"2018-01-12T08:02:15","date_gmt":"2018-01-12T13:02:15","guid":{"rendered":"https:\/\/htmould.wpengine.com\/about-us\/"},"modified":"2022-08-19T16:39:43","modified_gmt":"2022-08-19T20:39:43","slug":"a-propos","status":"publish","type":"page","link":"https:\/\/htmould.ca\/fr\/a-propos\/","title":{"rendered":"\u00c0 PROPOS"},"content":{"rendered":"<section class=\"wpb-content-wrapper\"><p>[vc_row css_animation=\u00a0\u00bb\u00a0\u00bb row_type=\u00a0\u00bbrow\u00a0\u00bb use_row_as_full_screen_section=\u00a0\u00bbno\u00a0\u00bb type=\u00a0\u00bbgrid\u00a0\u00bb angled_section=\u00a0\u00bbno\u00a0\u00bb text_align=\u00a0\u00bbcenter\u00a0\u00bb background_image_as_pattern=\u00a0\u00bbwithout_pattern\u00a0\u00bb z_index=\u00a0\u00bb\u00a0\u00bb css=\u00a0\u00bb.vc_custom_1660908066787{padding-top: 150px !important;padding-bottom: 150px !important;}\u00a0\u00bb][vc_column][vc_separator type=\u00a0\u00bbtransparent\u00a0\u00bb up=\u00a0\u00bb-18&Prime;][vc_single_image image=\u00a0\u00bb240&Prime; img_size=\u00a0\u00bbfull\u00a0\u00bb alignment=\u00a0\u00bbcenter\u00a0\u00bb qode_css_animation=\u00a0\u00bb\u00a0\u00bb][vc_separator type=\u00a0\u00bbsmall\u00a0\u00bb position=\u00a0\u00bbcenter\u00a0\u00bb color=\u00a0\u00bb#aaa9ad\u00a0\u00bb thickness=\u00a0\u00bb4&Prime; width=\u00a0\u00bb48&Prime; up=\u00a0\u00bb17&Prime; down=\u00a0\u00bb27&Prime;][vc_column_text]<\/p>\n<h6>Apr\u00e8s nous \u00eatre impos\u00e9s comme experts dans la fabrication de moules pour l&rsquo;injection de plastique au d\u00e9but des ann\u00e9es 70, nous sommes pass\u00e9s \u00e0 la fabrication de notre propre gamme d&rsquo;outils manuels sp\u00e9cialis\u00e9s. Nous pensons qu&rsquo;il y a de la place pour des solutions innovantes aux probl\u00e8mes anciens et nouveaux. C&rsquo;est ainsi que nous avons d\u00e9couvert et relev\u00e9 le d\u00e9fi de la conception et de la fabrication d&rsquo;outils sp\u00e9cialis\u00e9s. Nous \u00e9coutons les professionnels pour savoir ce dont ils ont besoin et nous cr\u00e9ons l&rsquo;outil parfait pour faciliter leur travail.<\/h6>\n<p>[\/vc_column_text][vc_empty_space height=\u00a0\u00bb36px\u00a0\u00bb]<a  itemprop=\"url\" href=\"https:\/\/htmould.ca\/fr\/produits\/\" target=\"_self\"  class=\"qbutton  left default\" style=\"\">D\u00c9COUVREZ NOS PRODUITS<\/a>[\/vc_column][\/vc_row][vc_row css_animation=\u00a0\u00bb\u00a0\u00bb row_type=\u00a0\u00bbrow\u00a0\u00bb use_row_as_full_screen_section=\u00a0\u00bbno\u00a0\u00bb type=\u00a0\u00bbgrid\u00a0\u00bb angled_section=\u00a0\u00bbno\u00a0\u00bb text_align=\u00a0\u00bbcenter\u00a0\u00bb background_image_as_pattern=\u00a0\u00bbwithout_pattern\u00a0\u00bb padding_bottom=\u00a0\u00bb96&Prime; css=\u00a0\u00bb.vc_custom_1657287255061{padding-top: 9% !important;padding-bottom: 9% !important;background-image: url(http:\/\/bridge129.qodeinteractive.com\/wp-content\/uploads\/2018\/01\/home-background-2.jpg?id=85) !important;background-position: center !important;background-repeat: no-repeat !important;background-size: cover !important;}\u00a0\u00bb z_index=\u00a0\u00bb\u00a0\u00bb][vc_column][vc_column_text]<\/p>\n<h1 style=\"text-align: center;\">\u00c0 PROPOS DE NOUS<\/h1>\n<p>[\/vc_column_text][vc_separator type=\u00a0\u00bbsmall\u00a0\u00bb position=\u00a0\u00bbcenter\u00a0\u00bb color=\u00a0\u00bb#aaa9ad\u00a0\u00bb thickness=\u00a0\u00bb4&Prime; width=\u00a0\u00bb48&Prime; up=\u00a0\u00bb19&Prime; down=\u00a0\u00bb39&Prime;][vc_column_text]<\/p>\n<p style=\"text-align: center;\"><strong>Heinz Hutt est arriv\u00e9 au Canada en provenance d&rsquo;Allemagne en 1967. Sa formation et sa certification en fabrication d&rsquo;outils l&rsquo;ont amen\u00e9 \u00e0 devenir le fondateur\/propri\u00e9taire de H.T.Mould Inc en 1972.\u00a0 Concevoir et d\u00e9velopper des outils de haute qualit\u00e9 est sa sp\u00e9cialit\u00e9, et ils sont uniques et bien connus dans le monde entier.\u00a0 Il est le premier initiateur du coupe-tube Ratch-Cut, qui a fait ses d\u00e9buts en 1982. Des copies de ces outils populaires ont suivi depuis lors. Tous les produits passent par le contr\u00f4le de qualit\u00e9 le plus rigoureux avant de sortir de l&rsquo;usine.<\/strong><\/p>\n<p style=\"text-align: center;\"><strong>Veuillez parcourir les pages suivantes et n&rsquo;h\u00e9sitez pas \u00e0 utiliser notre page de commentaires si vous avez des suggestions ou si vous souhaitez obtenir d&rsquo;autres informations sur nos produits.<\/strong><\/p>\n<p>[\/vc_column_text][vc_empty_space height=\u00a0\u00bb25px\u00a0\u00bb]<a  itemprop=\"url\" href=\"https:\/\/htmould.ca\/fr\/contact\/\" target=\"_blank\"  class=\"qbutton  default\" style=\"\">CONTACTEZ-NOUS<\/a>[\/vc_column][\/vc_row][vc_row css_animation=\u00a0\u00bb\u00a0\u00bb row_type=\u00a0\u00bbrow\u00a0\u00bb use_row_as_full_screen_section=\u00a0\u00bbno\u00a0\u00bb type=\u00a0\u00bbgrid\u00a0\u00bb angled_section=\u00a0\u00bbno\u00a0\u00bb text_align=\u00a0\u00bbcenter\u00a0\u00bb background_image_as_pattern=\u00a0\u00bbwithout_pattern\u00a0\u00bb z_index=\u00a0\u00bb\u00a0\u00bb css=\u00a0\u00bb.vc_custom_1660830563977{padding-top: 150px !important;padding-bottom: 50px !important;background-color: #ffffff !important;}\u00a0\u00bb][vc_column][vc_column_text]<\/p>\n<h1 style=\"text-align: center;\">GALERIE DE PRODUITS<\/h1>\n<p>[\/vc_column_text][vc_separator type=\u00a0\u00bbsmall\u00a0\u00bb position=\u00a0\u00bbcenter\u00a0\u00bb color=\u00a0\u00bb#aaa9ad\u00a0\u00bb thickness=\u00a0\u00bb4&Prime; width=\u00a0\u00bb48&Prime; up=\u00a0\u00bb19&Prime; down=\u00a0\u00bb39&Prime;][vc_gallery interval=\u00a0\u00bb3&Prime; images=\u00a0\u00bb344,355,356,357,363,369,370&Prime; img_size=\u00a0\u00bblarge\u00a0\u00bb][\/vc_column][\/vc_row]<\/p>\n<\/section>","protected":false},"excerpt":{"rendered":"<p>[vc_row css_animation=\u00a0\u00bb\u00a0\u00bb row_type=\u00a0\u00bbrow\u00a0\u00bb use_row_as_full_screen_section=\u00a0\u00bbno\u00a0\u00bb type=\u00a0\u00bbgrid\u00a0\u00bb angled_section=\u00a0\u00bbno\u00a0\u00bb text_align=\u00a0\u00bbcenter\u00a0\u00bb background_image_as_pattern=\u00a0\u00bbwithout_pattern\u00a0\u00bb z_index=\u00a0\u00bb\u00a0\u00bb css=\u00a0\u00bb.vc_custom_1660908066787{padding-top: 150px !important;padding-bottom: 150px !important;}\u00a0\u00bb][vc_column][vc_separator type=\u00a0\u00bbtransparent\u00a0\u00bb up=\u00a0\u00bb-18&Prime;][vc_single_image image=\u00a0\u00bb240&Prime; img_size=\u00a0\u00bbfull\u00a0\u00bb alignment=\u00a0\u00bbcenter\u00a0\u00bb qode_css_animation=\u00a0\u00bb\u00a0\u00bb][vc_separator type=\u00a0\u00bbsmall\u00a0\u00bb position=\u00a0\u00bbcenter\u00a0\u00bb color=\u00a0\u00bb#aaa9ad\u00a0\u00bb thickness=\u00a0\u00bb4&Prime; width=\u00a0\u00bb48&Prime; up=\u00a0\u00bb17&Prime; down=\u00a0\u00bb27&Prime;][vc_column_text] Apr\u00e8s nous \u00eatre impos\u00e9s comme experts dans la fabrication de moules pour l&rsquo;injection de plastique au d\u00e9but des&#8230;<\/p>\n","protected":false},"author":2,"featured_media":0,"parent":0,"menu_order":4,"comment_status":"closed","ping_status":"closed","template":"full_width.php","meta":{"footnotes":""},"class_list":["post-509","page","type-page","status-publish","hentry"],"_links":{"self":[{"href":"https:\/\/htmould.ca\/fr\/wp-json\/wp\/v2\/pages\/509","targetHints":{"allow":["GET"]}}],"collection":[{"href":"https:\/\/htmould.ca\/fr\/wp-json\/wp\/v2\/pages"}],"about":[{"href":"https:\/\/htmould.ca\/fr\/wp-json\/wp\/v2\/types\/page"}],"author":[{"embeddable":true,"href":"https:\/\/htmould.ca\/fr\/wp-json\/wp\/v2\/users\/2"}],"replies":[{"embeddable":true,"href":"https:\/\/htmould.ca\/fr\/wp-json\/wp\/v2\/comments?post=509"}],"version-history":[{"count":0,"href":"https:\/\/htmould.ca\/fr\/wp-json\/wp\/v2\/pages\/509\/revisions"}],"wp:attachment":[{"href":"https:\/\/htmould.ca\/fr\/wp-json\/wp\/v2\/media?parent=509"}],"curies":[{"name":"wp","href":"https:\/\/api.w.org\/{rel}","templated":true}]}}